{"id":5334,"date":"2021-08-17T15:03:28","date_gmt":"2021-08-17T12:03:28","guid":{"rendered":"https:\/\/altindagkimya.com\/enzymes\/"},"modified":"2021-08-17T22:34:39","modified_gmt":"2021-08-17T19:34:39","slug":"enzymes","status":"publish","type":"page","link":"https:\/\/altindagkimya.com\/en\/enzymes\/","title":{"rendered":"Enzymes"},"content":{"rendered":"","protected":false},"excerpt":{"rendered":"","protected":false},"author":1,"featured_media":0,"parent":0,"menu_order":0,"comment_status":"closed","ping_status":"closed","template":"","meta":[],"yoast_head":"<!-- This site is optimized with the Yoast SEO plugin v16.9 - https:\/\/yoast.com\/wordpress\/plugins\/seo\/ -->\n<title>Enzymes - Alt\u0131nda\u011f Kimya<\/title>\n<meta name=\"robots\" content=\"index, follow, max-snippet:-1, max-image-preview:large, max-video-preview:-1\" \/>\n<link rel=\"canonical\" href=\"https:\/\/altindagkimya.com\/en\/enzymes\/\" \/>\n<meta property=\"og:locale\" content=\"en_US\" \/>\n<meta property=\"og:type\" content=\"article\" \/>\n<meta property=\"og:title\" content=\"Enzymes - Alt\u0131nda\u011f Kimya\" \/>\n<meta property=\"og:url\" content=\"https:\/\/altindagkimya.com\/en\/enzymes\/\" \/>\n<meta property=\"og:site_name\" content=\"Alt\u0131nda\u011f Kimya\" \/>\n<meta property=\"article:modified_time\" content=\"2021-08-17T19:34:39+00:00\" \/>\n<meta name=\"twitter:card\" content=\"summary_large_image\" \/>\n<script type=\"application\/ld+json\" class=\"yoast-schema-graph\">{\"@context\":\"https:\/\/schema.org\",\"@graph\":[{\"@type\":\"WebSite\",\"@id\":\"https:\/\/altindagkimya.com\/#website\",\"url\":\"https:\/\/altindagkimya.com\/\",\"name\":\"Alt\\u0131nda\\u011f Kimya\",\"description\":\"Ne istedi\\u011finizi biliyoruz..\",\"potentialAction\":[{\"@type\":\"SearchAction\",\"target\":{\"@type\":\"EntryPoint\",\"urlTemplate\":\"https:\/\/altindagkimya.com\/?s={search_term_string}\"},\"query-input\":\"required name=search_term_string\"}],\"inLanguage\":\"en-US\"},{\"@type\":\"WebPage\",\"@id\":\"https:\/\/altindagkimya.com\/en\/enzymes\/#webpage\",\"url\":\"https:\/\/altindagkimya.com\/en\/enzymes\/\",\"name\":\"Enzymes - Alt\\u0131nda\\u011f Kimya\",\"isPartOf\":{\"@id\":\"https:\/\/altindagkimya.com\/#website\"},\"datePublished\":\"2021-08-17T12:03:28+00:00\",\"dateModified\":\"2021-08-17T19:34:39+00:00\",\"breadcrumb\":{\"@id\":\"https:\/\/altindagkimya.com\/en\/enzymes\/#breadcrumb\"},\"inLanguage\":\"en-US\",\"potentialAction\":[{\"@type\":\"ReadAction\",\"target\":[\"https:\/\/altindagkimya.com\/en\/enzymes\/\"]}]},{\"@type\":\"BreadcrumbList\",\"@id\":\"https:\/\/altindagkimya.com\/en\/enzymes\/#breadcrumb\",\"itemListElement\":[{\"@type\":\"ListItem\",\"position\":1,\"name\":\"Home\",\"item\":\"https:\/\/altindagkimya.com\/en\/home\/\"},{\"@type\":\"ListItem\",\"position\":2,\"name\":\"Enzymes\"}]}]}<\/script>\n<!-- \/ Yoast SEO plugin. -->","yoast_head_json":{"title":"Enzymes - Alt\u0131nda\u011f Kimya","robots":{"index":"index","follow":"follow","max-snippet":"max-snippet:-1","max-image-preview":"max-image-preview:large","max-video-preview":"max-video-preview:-1"},"canonical":"https:\/\/altindagkimya.com\/en\/enzymes\/","og_locale":"en_US","og_type":"article","og_title":"Enzymes - Alt\u0131nda\u011f Kimya","og_url":"https:\/\/altindagkimya.com\/en\/enzymes\/","og_site_name":"Alt\u0131nda\u011f Kimya","article_modified_time":"2021-08-17T19:34:39+00:00","twitter_card":"summary_large_image","schema":{"@context":"https:\/\/schema.org","@graph":[{"@type":"WebSite","@id":"https:\/\/altindagkimya.com\/#website","url":"https:\/\/altindagkimya.com\/","name":"Alt\u0131nda\u011f Kimya","description":"Ne istedi\u011finizi biliyoruz..","potentialAction":[{"@type":"SearchAction","target":{"@type":"EntryPoint","urlTemplate":"https:\/\/altindagkimya.com\/?s={search_term_string}"},"query-input":"required name=search_term_string"}],"inLanguage":"en-US"},{"@type":"WebPage","@id":"https:\/\/altindagkimya.com\/en\/enzymes\/#webpage","url":"https:\/\/altindagkimya.com\/en\/enzymes\/","name":"Enzymes - Alt\u0131nda\u011f Kimya","isPartOf":{"@id":"https:\/\/altindagkimya.com\/#website"},"datePublished":"2021-08-17T12:03:28+00:00","dateModified":"2021-08-17T19:34:39+00:00","breadcrumb":{"@id":"https:\/\/altindagkimya.com\/en\/enzymes\/#breadcrumb"},"inLanguage":"en-US","potentialAction":[{"@type":"ReadAction","target":["https:\/\/altindagkimya.com\/en\/enzymes\/"]}]},{"@type":"BreadcrumbList","@id":"https:\/\/altindagkimya.com\/en\/enzymes\/#breadcrumb","itemListElement":[{"@type":"ListItem","position":1,"name":"Home","item":"https:\/\/altindagkimya.com\/en\/home\/"},{"@type":"ListItem","position":2,"name":"Enzymes"}]}]}},"_links":{"self":[{"href":"https:\/\/altindagkimya.com\/en\/wp-json\/wp\/v2\/pages\/5334"}],"collection":[{"href":"https:\/\/altindagkimya.com\/en\/wp-json\/wp\/v2\/pages"}],"about":[{"href":"https:\/\/altindagkimya.com\/en\/wp-json\/wp\/v2\/types\/page"}],"author":[{"embeddable":true,"href":"https:\/\/altindagkimya.com\/en\/wp-json\/wp\/v2\/users\/1"}],"replies":[{"embeddable":true,"href":"https:\/\/altindagkimya.com\/en\/wp-json\/wp\/v2\/comments?post=5334"}],"version-history":[{"count":3,"href":"https:\/\/altindagkimya.com\/en\/wp-json\/wp\/v2\/pages\/5334\/revisions"}],"predecessor-version":[{"id":5746,"href":"https:\/\/altindagkimya.com\/en\/wp-json\/wp\/v2\/pages\/5334\/revisions\/5746"}],"wp:attachment":[{"href":"https:\/\/altindagkimya.com\/en\/wp-json\/wp\/v2\/media?parent=5334"}],"curies":[{"name":"wp","href":"https:\/\/api.w.org\/{rel}","templated":true}]}}